{"id":61,"date":"2015-05-08T21:59:11","date_gmt":"2015-05-08T21:59:11","guid":{"rendered":"http:\/\/ditudomarketing.com\/site\/?page_id=61"},"modified":"2023-12-12T16:13:59","modified_gmt":"2023-12-12T16:13:59","slug":"politica-privacidade","status":"publish","type":"page","link":"https:\/\/ditudomarketing.com\/site\/sample-page\/politica-privacidade\/","title":{"rendered":"Pol\u00edtica &#038; Privacidade"},"content":{"rendered":"\t\t<div data-elementor-type=\"wp-page\" data-elementor-id=\"61\" class=\"elementor elementor-61\">\n\t\t\t\t\t\t<section class=\"elementor-section elementor-top-section elementor-element elementor-element-6ea734b2 elementor-section-boxed elementor-section-height-default elementor-section-height-default\" data-id=\"6ea734b2\" data-element_type=\"section\" data-settings=\"{&quot;background_background&quot;:&quot;classic&quot;}\">\n\t\t\t\t\t\t<div class=\"elementor-container elementor-column-gap-default\">\n\t\t\t\t\t<div class=\"elementor-column elementor-col-100 elementor-top-column elementor-element elementor-element-d93c26e\" data-id=\"d93c26e\" data-element_type=\"column\">\n\t\t\t<div class=\"elementor-widget-wrap elementor-element-populated\">\n\t\t\t\t\t\t<div class=\"elementor-element elementor-element-343594b9 elementor-widget elementor-widget-text-editor\" data-id=\"343594b9\" data-element_type=\"widget\" data-widget_type=\"text-editor.default\">\n\t\t\t\t<div class=\"elementor-widget-container\">\n\t\t\t\t\t\t\t\t\t<p style=\"text-align: justify;\">1 \u2013 <strong>Da Privacidade<\/strong><\/p><p style=\"text-align: justify;\">A DiTudo Marketing tem primordial compromisso com a privacidade e seguran\u00e7a de seus clientes durante toda a navega\u00e7\u00e3o e compra pelo site. As informa\u00e7\u00f5es fornecidas pelo\u00a0contratante s\u00e3o 100% seguras e n\u00e3o s\u00e3o vendidas ou disponibilizadas a terceiros, sendo expressamente vetada qualquer utiliza\u00e7\u00e3o indevida neste sentido. As informa\u00e7\u00f5es s\u00e3o utilizadas\u00a0para estabelecer contato para entrega e disponibiliza\u00e7\u00e3o dos servi\u00e7os contratados como cria\u00e7\u00e3o de logo, identidade visual, sites e demais servi\u00e7os prestados.<\/p><p style=\"text-align: justify;\">1 \u2013 <strong>Do Hor\u00e1rio de Funcionamento<\/strong><\/p><p style=\"text-align: justify;\">O hor\u00e1rio de funcionamento \u00e9 de segunda a sexta-feira, de 08 \u00e0s 18h, durante os dias \u00fateis. A DiTudo Marketing se reserva o direito de alterar este hor\u00e1rio de funcionamento sem aviso pr\u00e9vio e de acordo com a determina\u00e7\u00e3o da administra\u00e7\u00e3o do site.<\/p><p style=\"text-align: justify;\">2 \u2013 <strong>Do prazo para resposta a e-mails<\/strong><\/p><p style=\"text-align: justify;\">O prazo para resposta aos e-mails e solicita\u00e7\u00f5es de clientes \u00e9 de no m\u00e1ximo 05 (cinco) dias \u00fateis, por\u00e9m, envidamos todos os esfor\u00e7os para que todos os e-mails sejam respondidos no mesmo dia ou em at\u00e9 01 dia \u00fatil.<\/p><p style=\"text-align: justify;\">3 \u2013 <strong>Do Servi\u00e7o Prestado<\/strong><\/p><p style=\"text-align: justify;\">DiTudo Marketing presta um servi\u00e7o profissional e estabelecido conforme esta pol\u00edtica, sendo:<\/p><p style=\"text-align: justify;\">3.1 \u2013 No momento em que o servi\u00e7o \u00e9 autorizado pelo contratante este dever\u00e1 efetuar o pagamento de um sinal correspondente a 50% (cinquenta por cento) do valor total acordado;<\/p><p style=\"text-align: justify;\">3.2 \u2013 Ser\u00e3o enviadas 04 (quatro) logos para aprova\u00e7\u00e3o do contratante, baseadas em informa\u00e7\u00f5es concedidas pelo mesmo;<\/p><p style=\"text-align: justify;\">3.3 \u2013 Ser\u00e3o permitidas at\u00e9 02 (duas) altera\u00e7\u00f5es, tanto para a logo quanto para os layouts, sem \u00f4nus para o contratante. A partir da terceira solicita\u00e7\u00e3o de altera\u00e7\u00e3o, ser\u00e1 cobrado acr\u00e9scimo de 30% do valor do servi\u00e7o em execu\u00e7\u00e3o para cada solicita\u00e7\u00e3o de altera\u00e7\u00e3o excedente;<\/p><p style=\"text-align: justify;\">3.4 \u2013 O prazo de entrega para as primeiras vers\u00f5es, ap\u00f3s aprova\u00e7\u00e3o do or\u00e7amento, \u00e9 de 03 (tr\u00eas) dias ou 72h \u00fateis;<\/p><p style=\"text-align: justify;\">3.5 \u2013 O prazo de entrega das altera\u00e7\u00f5es, caso existam e sejam solicitadas pelo contrante ap\u00f3s receber as primeiras vers\u00f5es, \u00e9 de no m\u00e1ximo dois dias \u00fateis, uma vez que o projeto precisa ser reavaliado e recriado para atender as expectativas;<\/p><p style=\"text-align: justify;\">3.5.1 \u2013 Todas as altera\u00e7\u00f5es devem ser formalizadas pelo e-mail contato@ditudomarketing.com. N\u00e3o ser\u00e3o processadas altera\u00e7\u00f5es via telefone;<\/p><p style=\"text-align: justify;\">3.6 \u2013 As provas ser\u00e3o submetidas ao contratante por meio do email informado e em baixa resolu\u00e7\u00e3o, apenas para visualiza\u00e7\u00e3o;<\/p><p style=\"text-align: justify;\">3.7 \u2013 Ser\u00e3o entregues os arquivos finais em alta resolu\u00e7\u00e3o e edit\u00e1veis pronto para uso. Ser\u00e3o enviados em todas as vers\u00f5es utilizadas pelo mercado, tanto para impress\u00e3o como para uso virtual nas seguintes extens\u00f5es: \u201c.cdr\u201d (CorelDraw), \u201c.pdf\u201d (Portable Document Format), \u201c.jpg\u201d e \u201c.png\u201d com fundo transparente para sites, blogs, e-mail e pe\u00e7as gr\u00e1ficas. Somente ser\u00e3o entregues os arquivos finais ap\u00f3s pagamento de 100% (cem por cento) do valor ora autorizado pelo contrante.<\/p><p style=\"text-align: justify;\">3.8 \u2013 A altera\u00e7\u00e3o de nome da empresa ou cliente, uma vez que o projeto \u00e9 iniciado, n\u00e3o \u00e9 poss\u00edvel. Os projetos s\u00e3o gerenciados com in\u00edcio, desenvolvimento e conclus\u00e3o. O in\u00edcio \u00e9 a defini\u00e7\u00e3o do nome da empresa ou contratante que ser\u00e1 atendido(a), com o preenchimento das informa\u00e7\u00f5es fornecidas. Desenvolvimento s\u00e3o as altera\u00e7\u00f5es desejadas, dentro das normas do item 3.2; e fim \u00e9 a entrega do arquivo final do projeto ap\u00f3s aprova\u00e7\u00e3o do cliente e dentro das normas do item 3.7.<\/p><p style=\"text-align: justify;\">3.9 \u2013 Ap\u00f3s a entrega dos arquivos descritos nos itens 3.7 e 3.8 n\u00e3o ser\u00e1 mais poss\u00edvel a altera\u00e7\u00e3o ou ajuste sem a cobran\u00e7a de horas t\u00e9cnicas (estipuladas sob consulta). A DiTudo Marketing entende que ap\u00f3s a aprova\u00e7\u00e3o e envio dos arquivos finais a empresa ou cliente est\u00e1 satisfeito com o projeto apresentado e, portanto, n\u00e3o h\u00e1 mais altera\u00e7\u00f5es ou ajustes a serem feitos. Ser\u00e1 feita a entrega formal com a disponibiliza\u00e7\u00e3o dos arquivos de modo a encerrar o projeto.<\/p><p style=\"text-align: justify;\">3.10 \u2013 A DiTudo Marketing se reserva o direito de ter uma margem de toler\u00e2ncia de 02 (dois) dias \u00fateis nos prazos informados nos itens 3.3, 3.4 e 3.7 caso seja necess\u00e1rio alguma aten\u00e7\u00e3o extra ao projeto ou caso haja alguma falha espor\u00e1dica, de modo a entregar um resultado mais assertivo para o cliente.<\/p><p style=\"text-align: justify;\">3.11 \u2013 Projetos sem respostas ou retorno por parte do cliente por mais de 30 dias corridos, ser\u00e3o considerados abandonados e poder\u00e3o ser retomados mediante o pagamento de 50% (cinquenta por cento) do valor original do projeto.<\/p><p style=\"text-align: justify;\">3.12 \u2013 Projetos sem respostas ou retorno por parte do cliente por mais de 60 dias corridos, ser\u00e3o considerados abandonados e n\u00e3o poder\u00e3o ser retomados, exceto com autoriza\u00e7\u00e3o da DiTudo Marketing.<\/p><p style=\"text-align: justify;\">3.13 \u2013 Ap\u00f3s o projeto ter sido iniciado, por termos investimos tempo e trabalho no desenvolvimento das vers\u00f5es de projeto propostas no atendimento ao cliente, conforme pol\u00edtica do site, pedidos de devolu\u00e7\u00e3o ou reembolso somente ser\u00e3o aceitos em conformidade com o C\u00f3digo de Defesa do Consumidor, em conformidade com o artigo 49, do cap\u00edtulo seis, sobre a Prote\u00e7\u00e3o Contratual, do CDC (C\u00f3digo de Defesa do Consumidor) \u2013 lei n\u00ba 8.078, de 11 de setembro de 1990.<\/p>\t\t\t\t\t\t\t\t<\/div>\n\t\t\t\t<\/div>\n\t\t\t\t\t<\/div>\n\t\t<\/div>\n\t\t\t\t\t<\/div>\n\t\t<\/section>\n\t\t\t\t<\/div>\n\t\t","protected":false},"excerpt":{"rendered":"<p>1 \u2013 Da Privacidade A DiTudo Marketing tem primordial compromisso com a privacidade e seguran\u00e7a de seus clientes durante toda a navega\u00e7\u00e3o e compra pelo site. As informa\u00e7\u00f5es fornecidas pelo\u00a0contratante s\u00e3o 100% seguras e n\u00e3o s\u00e3o vendidas ou disponibilizadas a terceiros, sendo expressamente vetada qualquer utiliza\u00e7\u00e3o indevida neste sentido. As informa\u00e7\u00f5es s\u00e3o utilizadas\u00a0para estabelecer contato [&hellip;]<\/p>\n","protected":false},"author":3,"featured_media":0,"parent":2,"menu_order":0,"comment_status":"closed","ping_status":"closed","template":"elementor_header_footer","meta":{"footnotes":"","_joinchat":[]},"_links":{"self":[{"href":"https:\/\/ditudomarketing.com\/site\/wp-json\/wp\/v2\/pages\/61"}],"collection":[{"href":"https:\/\/ditudomarketing.com\/site\/wp-json\/wp\/v2\/pages"}],"about":[{"href":"https:\/\/ditudomarketing.com\/site\/wp-json\/wp\/v2\/types\/page"}],"author":[{"embeddable":true,"href":"https:\/\/ditudomarketing.com\/site\/wp-json\/wp\/v2\/users\/3"}],"replies":[{"embeddable":true,"href":"https:\/\/ditudomarketing.com\/site\/wp-json\/wp\/v2\/comments?post=61"}],"version-history":[{"count":13,"href":"https:\/\/ditudomarketing.com\/site\/wp-json\/wp\/v2\/pages\/61\/revisions"}],"predecessor-version":[{"id":1894,"href":"https:\/\/ditudomarketing.com\/site\/wp-json\/wp\/v2\/pages\/61\/revisions\/1894"}],"up":[{"embeddable":true,"href":"https:\/\/ditudomarketing.com\/site\/wp-json\/wp\/v2\/pages\/2"}],"wp:attachment":[{"href":"https:\/\/ditudomarketing.com\/site\/wp-json\/wp\/v2\/media?parent=61"}],"curies":[{"name":"wp","href":"https:\/\/api.w.org\/{rel}","templated":true}]}}