{"id":1848,"date":"2023-12-12T14:23:12","date_gmt":"2023-12-12T14:23:12","guid":{"rendered":"https:\/\/ditudomarketing.com\/site\/?page_id=1848"},"modified":"2026-03-03T19:27:59","modified_gmt":"2026-03-03T19:27:59","slug":"portfolio","status":"publish","type":"page","link":"https:\/\/ditudomarketing.com\/site\/portfolio\/","title":{"rendered":"Portf\u00f3lio"},"content":{"rendered":"\t\t<div data-elementor-type=\"wp-page\" data-elementor-id=\"1848\" class=\"elementor elementor-1848\">\n\t\t\t\t\t\t<section class=\"elementor-section elementor-top-section elementor-element elementor-element-1c2cb32 elementor-section-boxed elementor-section-height-default elementor-section-height-default\" data-id=\"1c2cb32\" data-element_type=\"section\" data-settings=\"{&quot;background_background&quot;:&quot;classic&quot;}\">\n\t\t\t\t\t\t<div class=\"elementor-container elementor-column-gap-default\">\n\t\t\t\t\t<div class=\"elementor-column elementor-col-100 elementor-top-column elementor-element elementor-element-5de8e25\" data-id=\"5de8e25\" data-element_type=\"column\">\n\t\t\t<div class=\"elementor-widget-wrap elementor-element-populated\">\n\t\t\t\t\t\t<div class=\"elementor-element elementor-element-1fab767 elementor-widget-tablet__width-initial elementor-widget elementor-widget-heading\" data-id=\"1fab767\" data-element_type=\"widget\" data-widget_type=\"heading.default\">\n\t\t\t\t<div class=\"elementor-widget-container\">\n\t\t\t\t\t<h2 class=\"elementor-heading-title elementor-size-default\">Conhe\u00e7a a qualidade do nosso trabalho<\/h2>\t\t\t\t<\/div>\n\t\t\t\t<\/div>\n\t\t\t\t\t<\/div>\n\t\t<\/div>\n\t\t\t\t\t<\/div>\n\t\t<\/section>\n\t\t\t\t<section class=\"elementor-section elementor-top-section elementor-element elementor-element-3d1b4a4 elementor-section-boxed elementor-section-height-default elementor-section-height-default\" data-id=\"3d1b4a4\" data-element_type=\"section\" data-settings=\"{&quot;background_background&quot;:&quot;classic&quot;}\">\n\t\t\t\t\t\t<div class=\"elementor-container elementor-column-gap-default\">\n\t\t\t\t\t<div class=\"elementor-column elementor-col-33 elementor-top-column elementor-element elementor-element-f22955e\" data-id=\"f22955e\" data-element_type=\"column\">\n\t\t\t<div class=\"elementor-widget-wrap elementor-element-populated\">\n\t\t\t\t\t\t<div class=\"elementor-element elementor-element-bca08ce elementor-widget elementor-widget-image\" data-id=\"bca08ce\" data-element_type=\"widget\" data-widget_type=\"image.default\">\n\t\t\t\t<div class=\"elementor-widget-container\">\n\t\t\t\t\t\t\t\t\t\t\t\t\t\t\t<img fetchpriority=\"high\" decoding=\"async\" width=\"300\" height=\"300\" src=\"https:\/\/ditudomarketing.com\/site\/wp-content\/uploads\/2023\/12\/icone-socialnet-300x300.png\" class=\"attachment-medium size-medium wp-image-1904\" alt=\"\" srcset=\"https:\/\/ditudomarketing.com\/site\/wp-content\/uploads\/2023\/12\/icone-socialnet-300x300.png 300w, https:\/\/ditudomarketing.com\/site\/wp-content\/uploads\/2023\/12\/icone-socialnet-1024x1024.png 1024w, https:\/\/ditudomarketing.com\/site\/wp-content\/uploads\/2023\/12\/icone-socialnet-150x150.png 150w, https:\/\/ditudomarketing.com\/site\/wp-content\/uploads\/2023\/12\/icone-socialnet-768x768.png 768w, https:\/\/ditudomarketing.com\/site\/wp-content\/uploads\/2023\/12\/icone-socialnet.png 1080w\" sizes=\"(max-width: 300px) 100vw, 300px\" \/>\t\t\t\t\t\t\t\t\t\t\t\t\t\t\t<\/div>\n\t\t\t\t<\/div>\n\t\t\t\t<div class=\"elementor-element elementor-element-f2ca817 elementor-widget elementor-widget-heading\" data-id=\"f2ca817\" data-element_type=\"widget\" data-widget_type=\"heading.default\">\n\t\t\t\t<div class=\"elementor-widget-container\">\n\t\t\t\t\t<h2 class=\"elementor-heading-title elementor-size-default\">Gerenciamento de Redes Sociais<\/h2>\t\t\t\t<\/div>\n\t\t\t\t<\/div>\n\t\t\t\t<div class=\"elementor-element elementor-element-293a54c elementor-widget elementor-widget-text-editor\" data-id=\"293a54c\" data-element_type=\"widget\" data-widget_type=\"text-editor.default\">\n\t\t\t\t<div class=\"elementor-widget-container\">\n\t\t\t\t\t\t\t\t\t<p style=\"text-align: center;\">Clique e veja os perfis nas redes sociais gerenciados pela diTudo Marketing<\/p>\t\t\t\t\t\t\t\t<\/div>\n\t\t\t\t<\/div>\n\t\t\t\t<div class=\"elementor-element elementor-element-9682a29 elementor-widget elementor-widget-text-editor\" data-id=\"9682a29\" data-element_type=\"widget\" data-widget_type=\"text-editor.default\">\n\t\t\t\t<div class=\"elementor-widget-container\">\n\t\t\t\t\t\t\t\t\t<ul><li><span style=\"color: #000000;\"><a style=\"color: #000000;\" href=\"https:\/\/www.instagram.com\/nutriclinicanutricao\/\">Nutri Cl\u00ednica de Nutri\u00e7\u00e3o<\/a><\/span><\/li><li><span style=\"color: #000000;\"><a style=\"color: #000000;\" href=\"https:\/\/www.instagram.com\/drluizclaudiochavesbariatrica\/\">Dr. Luiz Cl\u00e1udio Chaves Bari\u00e1trica<\/a><\/span><\/li><li><span style=\"color: #000000;\"><a style=\"color: #000000;\" href=\"https:\/\/www.instagram.com\/dralexandre_nogueira\/\">Dr. Alexandre Nogueira<\/a><\/span><\/li><li><span style=\"color: #000000;\"><a style=\"color: #000000;\" href=\"https:\/\/www.instagram.com\/daleg_ar\/\">D\u00b4Aleg Engenharia<\/a><\/span><\/li><li><span style=\"color: #000000;\"><a style=\"color: #000000;\" href=\"https:\/\/www.instagram.com\/parariverpilot\/\">Par\u00e1 River Pilot Praticagem<\/a><\/span><\/li><li><span style=\"color: #000000;\"><a style=\"color: #000000;\" href=\"https:\/\/www.instagram.com\/ferreirasimoesadv\/\">Ferreira &amp; Sim\u00f5es Adv<\/a><\/span><\/li><li><span style=\"color: #000000;\"><a style=\"color: #000000;\" href=\"https:\/\/www.instagram.com\/sindopar\/\">Sindopar<\/a><\/span><\/li><li><span style=\"color: #000000;\"><a style=\"color: #000000;\" href=\"https:\/\/www.instagram.com\/sindampa\/\">Sindampa<\/a><\/span><\/li><li><span style=\"color: #000000;\"><a style=\"color: #000000;\" href=\"https:\/\/www.instagram.com\/taperebar\/\">Taperebar<\/a><\/span><\/li><li><span style=\"color: #000000;\"><a style=\"color: #000000;\" href=\"https:\/\/www.instagram.com\/navegacaobomjesusoficial\/\">Bom Jesus Navega\u00e7\u00e3o<\/a><\/span><\/li><li><span style=\"color: #000000;\"><a style=\"color: #000000;\" href=\"https:\/\/www.instagram.com\/polarisapoioportuario\/\">Polaris Apoio Portu\u00e1rio<\/a><\/span><\/li><li><span style=\"color: #000000;\"><a style=\"color: #000000;\" href=\"https:\/\/www.instagram.com\/hospitalmodelo_oficial\/\">Hospital Modelo de Ananindeua<\/a><\/span><\/li><li><span style=\"color: #000000;\"><a style=\"color: #000000;\" href=\"https:\/\/www.instagram.com\/nazarecemiterioparque\/\">Cemit\u00e9rio Parque Nazar\u00e9<\/a><\/span><\/li><\/ul>\t\t\t\t\t\t\t\t<\/div>\n\t\t\t\t<\/div>\n\t\t\t\t\t<\/div>\n\t\t<\/div>\n\t\t\t\t<div class=\"elementor-column elementor-col-33 elementor-top-column elementor-element elementor-element-b5e2321\" data-id=\"b5e2321\" data-element_type=\"column\">\n\t\t\t<div class=\"elementor-widget-wrap elementor-element-populated\">\n\t\t\t\t\t\t<div class=\"elementor-element elementor-element-555502e elementor-widget elementor-widget-image\" data-id=\"555502e\" data-element_type=\"widget\" data-widget_type=\"image.default\">\n\t\t\t\t<div class=\"elementor-widget-container\">\n\t\t\t\t\t\t\t\t\t\t\t\t\t\t\t<img decoding=\"async\" width=\"300\" height=\"300\" src=\"https:\/\/ditudomarketing.com\/site\/wp-content\/uploads\/2023\/12\/icone-videos-300x300.png\" class=\"attachment-medium size-medium wp-image-1908\" alt=\"\" srcset=\"https:\/\/ditudomarketing.com\/site\/wp-content\/uploads\/2023\/12\/icone-videos-300x300.png 300w, https:\/\/ditudomarketing.com\/site\/wp-content\/uploads\/2023\/12\/icone-videos-1024x1024.png 1024w, https:\/\/ditudomarketing.com\/site\/wp-content\/uploads\/2023\/12\/icone-videos-150x150.png 150w, https:\/\/ditudomarketing.com\/site\/wp-content\/uploads\/2023\/12\/icone-videos-768x768.png 768w, https:\/\/ditudomarketing.com\/site\/wp-content\/uploads\/2023\/12\/icone-videos.png 1080w\" sizes=\"(max-width: 300px) 100vw, 300px\" \/>\t\t\t\t\t\t\t\t\t\t\t\t\t\t\t<\/div>\n\t\t\t\t<\/div>\n\t\t\t\t<div class=\"elementor-element elementor-element-7302d52 elementor-widget elementor-widget-heading\" data-id=\"7302d52\" data-element_type=\"widget\" data-widget_type=\"heading.default\">\n\t\t\t\t<div class=\"elementor-widget-container\">\n\t\t\t\t\t<h2 class=\"elementor-heading-title elementor-size-default\">Produ\u00e7\u00e3o e edi\u00e7\u00e3o de v\u00eddeos<\/h2>\t\t\t\t<\/div>\n\t\t\t\t<\/div>\n\t\t\t\t<div class=\"elementor-element elementor-element-b94df73 elementor-widget elementor-widget-text-editor\" data-id=\"b94df73\" data-element_type=\"widget\" data-widget_type=\"text-editor.default\">\n\t\t\t\t<div class=\"elementor-widget-container\">\n\t\t\t\t\t\t\t\t\t<p style=\"text-align: center;\">Clique nos links a seguir e assista alguns v\u00eddeos produzidos pela diTudo Marketing<\/p>\t\t\t\t\t\t\t\t<\/div>\n\t\t\t\t<\/div>\n\t\t\t\t<div class=\"elementor-element elementor-element-0da79b8 elementor-widget elementor-widget-text-editor\" data-id=\"0da79b8\" data-element_type=\"widget\" data-widget_type=\"text-editor.default\">\n\t\t\t\t<div class=\"elementor-widget-container\">\n\t\t\t\t\t\t\t\t\t<ul><li><span style=\"color: #000000;\"><a style=\"color: #000000;\" href=\"https:\/\/www.youtube.com\/watch?v=K5_IwGflThA&amp;t=117s\">Especial Sabores do C\u00edrio<\/a><\/span><\/li><li><span style=\"color: #000000;\"><a style=\"color: #000000;\" href=\"https:\/\/www.youtube.com\/watch?v=c_UpLPEOU8Y&amp;t=12s\">Seguran\u00e7a na Cirurgia Bari\u00e1trica<\/a><\/span><\/li><li><span style=\"color: #000000;\"><a style=\"color: #000000;\" href=\"https:\/\/www.youtube.com\/watch?v=9gKg3eeMmKI&amp;t=11s\">Pl\u00e1stica ap\u00f3s a cirurgia Bari\u00e1trica<\/a><\/span><\/li><li><span style=\"color: #000000;\"><a style=\"color: #000000;\" href=\"https:\/\/www.youtube.com\/watch?v=lVVPDYZA9Ik\">Proctologia (Graus de hemorroida)<\/a><\/span><\/li><\/ul>\t\t\t\t\t\t\t\t<\/div>\n\t\t\t\t<\/div>\n\t\t\t\t\t<\/div>\n\t\t<\/div>\n\t\t\t\t<div class=\"elementor-column elementor-col-33 elementor-top-column elementor-element elementor-element-33839b0\" data-id=\"33839b0\" data-element_type=\"column\">\n\t\t\t<div class=\"elementor-widget-wrap elementor-element-populated\">\n\t\t\t\t\t\t<div class=\"elementor-element elementor-element-179bba5 elementor-widget elementor-widget-image\" data-id=\"179bba5\" data-element_type=\"widget\" data-widget_type=\"image.default\">\n\t\t\t\t<div class=\"elementor-widget-container\">\n\t\t\t\t\t\t\t\t\t\t\t\t\t\t\t<img decoding=\"async\" width=\"300\" height=\"300\" src=\"https:\/\/ditudomarketing.com\/site\/wp-content\/uploads\/2023\/12\/icone-site-300x300.png\" class=\"attachment-medium size-medium wp-image-1913\" alt=\"\" srcset=\"https:\/\/ditudomarketing.com\/site\/wp-content\/uploads\/2023\/12\/icone-site-300x300.png 300w, https:\/\/ditudomarketing.com\/site\/wp-content\/uploads\/2023\/12\/icone-site-1024x1024.png 1024w, https:\/\/ditudomarketing.com\/site\/wp-content\/uploads\/2023\/12\/icone-site-150x150.png 150w, https:\/\/ditudomarketing.com\/site\/wp-content\/uploads\/2023\/12\/icone-site-768x768.png 768w, https:\/\/ditudomarketing.com\/site\/wp-content\/uploads\/2023\/12\/icone-site.png 1080w\" sizes=\"(max-width: 300px) 100vw, 300px\" \/>\t\t\t\t\t\t\t\t\t\t\t\t\t\t\t<\/div>\n\t\t\t\t<\/div>\n\t\t\t\t<div class=\"elementor-element elementor-element-a387990 elementor-widget elementor-widget-heading\" data-id=\"a387990\" data-element_type=\"widget\" data-widget_type=\"heading.default\">\n\t\t\t\t<div class=\"elementor-widget-container\">\n\t\t\t\t\t<h2 class=\"elementor-heading-title elementor-size-default\">Design para web sites<\/h2>\t\t\t\t<\/div>\n\t\t\t\t<\/div>\n\t\t\t\t<div class=\"elementor-element elementor-element-01f6db6 elementor-widget elementor-widget-text-editor\" data-id=\"01f6db6\" data-element_type=\"widget\" data-widget_type=\"text-editor.default\">\n\t\t\t\t<div class=\"elementor-widget-container\">\n\t\t\t\t\t\t\t\t\t<p style=\"text-align: center;\">Clique no link e veja os sites criados pela diTudo Marketing<\/p>\t\t\t\t\t\t\t\t<\/div>\n\t\t\t\t<\/div>\n\t\t\t\t<div class=\"elementor-element elementor-element-1c10577 elementor-widget elementor-widget-text-editor\" data-id=\"1c10577\" data-element_type=\"widget\" data-widget_type=\"text-editor.default\">\n\t\t\t\t<div class=\"elementor-widget-container\">\n\t\t\t\t\t\t\t\t\t<ul><li><span style=\"color: #000000;\"><a style=\"color: #000000;\" href=\"https:\/\/nutriclinicanutricao.com.br\/clinica\/\">Nutri Cl\u00ednica de Nutri\u00e7\u00e3o<\/a><\/span><\/li><li><span style=\"color: #000000;\"><a style=\"color: #000000;\" href=\"https:\/\/www.sindopar.org.br\/\">Sindopar<\/a><\/span><\/li><li><span style=\"color: #000000;\"><a style=\"color: #000000;\" href=\"https:\/\/ferreirasimoesadv.com.br\/\">Ferr\u00eaira&amp;Sim\u00f5es Adv<\/a><\/span><\/li><li><span style=\"color: #000000;\"><a style=\"color: #000000;\" href=\"https:\/\/d-alegengenharia.com.br\/\">D\u00b4Aleg Engenharia<\/a><\/span><\/li><\/ul>\t\t\t\t\t\t\t\t<\/div>\n\t\t\t\t<\/div>\n\t\t\t\t\t<\/div>\n\t\t<\/div>\n\t\t\t\t\t<\/div>\n\t\t<\/section>\n\t\t\t\t<section class=\"elementor-section elementor-top-section elementor-element elementor-element-c3129b6 elementor-section-boxed elementor-section-height-default elementor-section-height-default\" data-id=\"c3129b6\" data-element_type=\"section\" data-settings=\"{&quot;background_background&quot;:&quot;classic&quot;}\">\n\t\t\t\t\t\t<div class=\"elementor-container elementor-column-gap-default\">\n\t\t\t\t\t<div class=\"elementor-column elementor-col-50 elementor-top-column elementor-element elementor-element-5251ee8\" data-id=\"5251ee8\" data-element_type=\"column\">\n\t\t\t<div class=\"elementor-widget-wrap elementor-element-populated\">\n\t\t\t\t\t\t<div class=\"elementor-element elementor-element-fbb9e0d elementor-widget elementor-widget-image\" data-id=\"fbb9e0d\" data-element_type=\"widget\" data-widget_type=\"image.default\">\n\t\t\t\t<div class=\"elementor-widget-container\">\n\t\t\t\t\t\t\t\t\t\t\t\t\t\t\t<img loading=\"lazy\" decoding=\"async\" width=\"300\" height=\"300\" src=\"https:\/\/ditudomarketing.com\/site\/wp-content\/uploads\/2023\/12\/icone-radioweb-300x300.png\" class=\"attachment-medium size-medium wp-image-1918\" alt=\"\" srcset=\"https:\/\/ditudomarketing.com\/site\/wp-content\/uploads\/2023\/12\/icone-radioweb-300x300.png 300w, https:\/\/ditudomarketing.com\/site\/wp-content\/uploads\/2023\/12\/icone-radioweb-1024x1024.png 1024w, https:\/\/ditudomarketing.com\/site\/wp-content\/uploads\/2023\/12\/icone-radioweb-150x150.png 150w, https:\/\/ditudomarketing.com\/site\/wp-content\/uploads\/2023\/12\/icone-radioweb-768x768.png 768w, https:\/\/ditudomarketing.com\/site\/wp-content\/uploads\/2023\/12\/icone-radioweb.png 1080w\" sizes=\"(max-width: 300px) 100vw, 300px\" \/>\t\t\t\t\t\t\t\t\t\t\t\t\t\t\t<\/div>\n\t\t\t\t<\/div>\n\t\t\t\t<div class=\"elementor-element elementor-element-0a83ab4 elementor-widget elementor-widget-heading\" data-id=\"0a83ab4\" data-element_type=\"widget\" data-widget_type=\"heading.default\">\n\t\t\t\t<div class=\"elementor-widget-container\">\n\t\t\t\t\t<h2 class=\"elementor-heading-title elementor-size-default\">Cria\u00e7\u00e3o de web r\u00e1dio e Pod Cast<\/h2>\t\t\t\t<\/div>\n\t\t\t\t<\/div>\n\t\t\t\t<div class=\"elementor-element elementor-element-7da8291 elementor-widget elementor-widget-text-editor\" data-id=\"7da8291\" data-element_type=\"widget\" data-widget_type=\"text-editor.default\">\n\t\t\t\t<div class=\"elementor-widget-container\">\n\t\t\t\t\t\t\t\t\t<p style=\"text-align: center;\">Clique no link e ou\u00e7a uma r\u00e1dio web criada pela diTudo Marketing<\/p>\t\t\t\t\t\t\t\t<\/div>\n\t\t\t\t<\/div>\n\t\t\t\t<div class=\"elementor-element elementor-element-4361226 elementor-widget elementor-widget-text-editor\" data-id=\"4361226\" data-element_type=\"widget\" data-widget_type=\"text-editor.default\">\n\t\t\t\t<div class=\"elementor-widget-container\">\n\t\t\t\t\t\t\t\t\t<ul><li><span style=\"color: #000000;\"><a style=\"color: #000000;\" href=\"https:\/\/conectbel.com\/\">R\u00e1dio Web Conect Bel<\/a><\/span><\/li><\/ul>\t\t\t\t\t\t\t\t<\/div>\n\t\t\t\t<\/div>\n\t\t\t\t\t<\/div>\n\t\t<\/div>\n\t\t\t\t<div class=\"elementor-column elementor-col-50 elementor-top-column elementor-element elementor-element-72ef709\" data-id=\"72ef709\" data-element_type=\"column\">\n\t\t\t<div class=\"elementor-widget-wrap elementor-element-populated\">\n\t\t\t\t\t\t<div class=\"elementor-element elementor-element-d57011c elementor-widget elementor-widget-image\" data-id=\"d57011c\" data-element_type=\"widget\" data-widget_type=\"image.default\">\n\t\t\t\t<div class=\"elementor-widget-container\">\n\t\t\t\t\t\t\t\t\t\t\t\t\t\t\t<img loading=\"lazy\" decoding=\"async\" width=\"300\" height=\"300\" src=\"https:\/\/ditudomarketing.com\/site\/wp-content\/uploads\/2023\/12\/icone-live-300x300.png\" class=\"attachment-medium size-medium wp-image-1919\" alt=\"\" srcset=\"https:\/\/ditudomarketing.com\/site\/wp-content\/uploads\/2023\/12\/icone-live-300x300.png 300w, https:\/\/ditudomarketing.com\/site\/wp-content\/uploads\/2023\/12\/icone-live-1024x1024.png 1024w, https:\/\/ditudomarketing.com\/site\/wp-content\/uploads\/2023\/12\/icone-live-150x150.png 150w, https:\/\/ditudomarketing.com\/site\/wp-content\/uploads\/2023\/12\/icone-live-768x768.png 768w, https:\/\/ditudomarketing.com\/site\/wp-content\/uploads\/2023\/12\/icone-live.png 1080w\" sizes=\"(max-width: 300px) 100vw, 300px\" \/>\t\t\t\t\t\t\t\t\t\t\t\t\t\t\t<\/div>\n\t\t\t\t<\/div>\n\t\t\t\t<div class=\"elementor-element elementor-element-3f95a53 elementor-widget elementor-widget-heading\" data-id=\"3f95a53\" data-element_type=\"widget\" data-widget_type=\"heading.default\">\n\t\t\t\t<div class=\"elementor-widget-container\">\n\t\t\t\t\t<h2 class=\"elementor-heading-title elementor-size-default\">Live Streaming<\/h2>\t\t\t\t<\/div>\n\t\t\t\t<\/div>\n\t\t\t\t<div class=\"elementor-element elementor-element-daf9186 elementor-widget elementor-widget-text-editor\" data-id=\"daf9186\" data-element_type=\"widget\" data-widget_type=\"text-editor.default\">\n\t\t\t\t<div class=\"elementor-widget-container\">\n\t\t\t\t\t\t\t\t\t<p style=\"text-align: center;\">Clique nos links a seguir e assista lives j\u00e1 produzidos pela diTudo Marketing<\/p>\t\t\t\t\t\t\t\t<\/div>\n\t\t\t\t<\/div>\n\t\t\t\t<div class=\"elementor-element elementor-element-aa69569 elementor-widget elementor-widget-text-editor\" data-id=\"aa69569\" data-element_type=\"widget\" data-widget_type=\"text-editor.default\">\n\t\t\t\t<div class=\"elementor-widget-container\">\n\t\t\t\t\t\t\t\t\t<ul><li><span style=\"color: #000000;\"><a style=\"color: #000000;\" href=\"https:\/\/youtu.be\/MZOxNq-6k60\">Reuni\u00e3o de Cirurgia Bari\u00e1trica<\/a><\/span><\/li><li><span style=\"color: #ffffff;\"><a style=\"color: #ffffff;\" href=\"https:\/\/youtu.be\/0M9ArKvmNKs\"><span style=\"color: #000000;\">Neuroinflama\u00e7\u00e3o e m\u00e1 nutri\u00e7\u00e3o<\/span><\/a><\/span><\/li><li><span style=\"color: #000000;\"><a style=\"color: #000000;\" href=\"https:\/\/www.instagram.com\/reel\/C8LhXSzNTUT\/?utm_source=ig_web_copy_link&amp;igsh=MzRlODBiNWFlZA==\">Arrai\u00e1 Paraense do Col\u00e9gio Alfa<\/a><\/span><\/li><\/ul>\t\t\t\t\t\t\t\t<\/div>\n\t\t\t\t<\/div>\n\t\t\t\t\t<\/div>\n\t\t<\/div>\n\t\t\t\t\t<\/div>\n\t\t<\/section>\n\t\t\t\t<\/div>\n\t\t","protected":false},"excerpt":{"rendered":"<p>Conhe\u00e7a a qualidade do nosso trabalho Gerenciamento de Redes Sociais Clique e veja os perfis nas redes sociais gerenciados pela diTudo Marketing Nutri Cl\u00ednica de Nutri\u00e7\u00e3o Dr. Luiz Cl\u00e1udio Chaves Bari\u00e1trica Dr. Alexandre Nogueira D\u00b4Aleg Engenharia Par\u00e1 River Pilot Praticagem Ferreira &amp; Sim\u00f5es Adv Sindopar Sindampa Taperebar Bom Jesus Navega\u00e7\u00e3o Polaris Apoio Portu\u00e1rio Hospital Modelo [&hellip;]<\/p>\n","protected":false},"author":3,"featured_media":0,"parent":0,"menu_order":0,"comment_status":"closed","ping_status":"closed","template":"elementor_header_footer","meta":{"footnotes":"","_joinchat":[]},"_links":{"self":[{"href":"https:\/\/ditudomarketing.com\/site\/wp-json\/wp\/v2\/pages\/1848"}],"collection":[{"href":"https:\/\/ditudomarketing.com\/site\/wp-json\/wp\/v2\/pages"}],"about":[{"href":"https:\/\/ditudomarketing.com\/site\/wp-json\/wp\/v2\/types\/page"}],"author":[{"embeddable":true,"href":"https:\/\/ditudomarketing.com\/site\/wp-json\/wp\/v2\/users\/3"}],"replies":[{"embeddable":true,"href":"https:\/\/ditudomarketing.com\/site\/wp-json\/wp\/v2\/comments?post=1848"}],"version-history":[{"count":82,"href":"https:\/\/ditudomarketing.com\/site\/wp-json\/wp\/v2\/pages\/1848\/revisions"}],"predecessor-version":[{"id":2297,"href":"https:\/\/ditudomarketing.com\/site\/wp-json\/wp\/v2\/pages\/1848\/revisions\/2297"}],"wp:attachment":[{"href":"https:\/\/ditudomarketing.com\/site\/wp-json\/wp\/v2\/media?parent=1848"}],"curies":[{"name":"wp","href":"https:\/\/api.w.org\/{rel}","templated":true}]}}